{"id":418,"date":"2023-03-21T15:54:28","date_gmt":"2023-03-21T15:54:28","guid":{"rendered":"https:\/\/menaseguros.es\/contact\/"},"modified":"2024-05-09T07:23:03","modified_gmt":"2024-05-09T07:23:03","slug":"contact","status":"publish","type":"page","link":"https:\/\/menaseguros.es\/en\/contact\/","title":{"rendered":"Contact"},"content":{"rendered":"\t\t<div data-elementor-type=\"wp-page\" data-elementor-id=\"418\" class=\"elementor elementor-418 elementor-90\" data-elementor-post-type=\"page\">\n\t\t\t\t\t\t<section data-particle_enable=\"false\" data-particle-mobile-disabled=\"false\" class=\"elementor-section elementor-top-section elementor-element elementor-element-16c64ff elementor-section-boxed elementor-section-height-default elementor-section-height-default\" data-id=\"16c64ff\" data-element_type=\"section\" data-e-type=\"section\" data-settings=\"{&quot;background_background&quot;:&quot;classic&quot;,&quot;shape_divider_bottom&quot;:&quot;pyramids&quot;}\">\n\t\t\t\t\t\t\t<div class=\"elementor-background-overlay\"><\/div>\n\t\t\t\t\t\t<div class=\"elementor-shape elementor-shape-bottom\" aria-hidden=\"true\" data-negative=\"false\">\n\t\t\t<svg xmlns=\"http:\/\/www.w3.org\/2000\/svg\" viewBox=\"0 0 1000 100\" preserveAspectRatio=\"none\">\n\t<path class=\"elementor-shape-fill\" d=\"M761.9,44.1L643.1,27.2L333.8,98L0,3.8V0l1000,0v3.9\"\/>\n<\/svg>\t\t<\/div>\n\t\t\t\t\t<div class=\"elementor-container elementor-column-gap-default\">\n\t\t\t\t\t<div class=\"elementor-column elementor-col-100 elementor-top-column elementor-element elementor-element-e2e8fd2\" data-id=\"e2e8fd2\" data-element_type=\"column\" data-e-type=\"column\">\n\t\t\t<div class=\"elementor-widget-wrap elementor-element-populated\">\n\t\t\t\t\t\t<div class=\"elementor-element elementor-element-c761491 elementor-widget elementor-widget-heading\" data-id=\"c761491\" data-element_type=\"widget\" data-e-type=\"widget\" data-widget_type=\"heading.default\">\n\t\t\t\t<div class=\"elementor-widget-container\">\n\t\t\t\t\t<h2 class=\"elementor-heading-title elementor-size-default\">Contact<\/h2>\t\t\t\t<\/div>\n\t\t\t\t<\/div>\n\t\t\t\t<div class=\"elementor-element elementor-element-d9d2549 elementor-widget elementor-widget-heading\" data-id=\"d9d2549\" data-element_type=\"widget\" data-e-type=\"widget\" data-widget_type=\"heading.default\">\n\t\t\t\t<div class=\"elementor-widget-container\">\n\t\t\t\t\t<h2 class=\"elementor-heading-title elementor-size-default\">Contact information<\/h2>\t\t\t\t<\/div>\n\t\t\t\t<\/div>\n\t\t\t\t\t<\/div>\n\t\t<\/div>\n\t\t\t\t\t<\/div>\n\t\t<\/section>\n\t\t\t\t<section data-particle_enable=\"false\" data-particle-mobile-disabled=\"false\" class=\"elementor-section elementor-top-section elementor-element elementor-element-ae97e24 elementor-section-boxed elementor-section-height-default elementor-section-height-default\" data-id=\"ae97e24\" data-element_type=\"section\" data-e-type=\"section\" data-settings=\"{&quot;background_background&quot;:&quot;classic&quot;}\">\n\t\t\t\t\t\t<div class=\"elementor-container elementor-column-gap-default\">\n\t\t\t\t\t<div class=\"elementor-column elementor-col-50 elementor-top-column elementor-element elementor-element-007cb14\" data-id=\"007cb14\" data-element_type=\"column\" data-e-type=\"column\">\n\t\t\t<div class=\"elementor-widget-wrap elementor-element-populated\">\n\t\t\t\t\t\t<div class=\"elementor-element elementor-element-ce8bdb8 elementor-widget elementor-widget-heading\" data-id=\"ce8bdb8\" data-element_type=\"widget\" data-e-type=\"widget\" data-widget_type=\"heading.default\">\n\t\t\t\t<div class=\"elementor-widget-container\">\n\t\t\t\t\t<h2 class=\"elementor-heading-title elementor-size-default\">Contact information<\/h2>\t\t\t\t<\/div>\n\t\t\t\t<\/div>\n\t\t\t\t<div class=\"elementor-element elementor-element-2ae3c09 elementor-align-start elementor-icon-list--layout-traditional elementor-list-item-link-full_width elementor-widget elementor-widget-icon-list\" data-id=\"2ae3c09\" data-element_type=\"widget\" data-e-type=\"widget\" data-widget_type=\"icon-list.default\">\n\t\t\t\t<div class=\"elementor-widget-container\">\n\t\t\t\t\t\t\t<ul class=\"elementor-icon-list-items\">\n\t\t\t\t\t\t\t<li class=\"elementor-icon-list-item\">\n\t\t\t\t\t\t\t\t\t\t\t<span class=\"elementor-icon-list-icon\">\n\t\t\t\t\t\t\t<i aria-hidden=\"true\" class=\"fas fa-map-marker-alt\"><\/i>\t\t\t\t\t\t<\/span>\n\t\t\t\t\t\t\t\t\t\t<span class=\"elementor-icon-list-text\">Calle C\u00f3rdoba, 9 San Pedro Alc\u00e1ntara 29670, M\u00e1laga<\/span>\n\t\t\t\t\t\t\t\t\t<\/li>\n\t\t\t\t\t\t\t\t<li class=\"elementor-icon-list-item\">\n\t\t\t\t\t\t\t\t\t\t\t<a href=\"tel:+34%20952%20786%20058\">\n\n\t\t\t\t\t\t\t\t\t\t\t\t<span class=\"elementor-icon-list-icon\">\n\t\t\t\t\t\t\t<i aria-hidden=\"true\" class=\"fas fa-phone-volume\"><\/i>\t\t\t\t\t\t<\/span>\n\t\t\t\t\t\t\t\t\t\t<span class=\"elementor-icon-list-text\">+34 952 786 058<\/span>\n\t\t\t\t\t\t\t\t\t\t\t<\/a>\n\t\t\t\t\t\t\t\t\t<\/li>\n\t\t\t\t\t\t\t\t<li class=\"elementor-icon-list-item\">\n\t\t\t\t\t\t\t\t\t\t\t<a href=\"mailto:info@menaseguros.es\">\n\n\t\t\t\t\t\t\t\t\t\t\t\t<span class=\"elementor-icon-list-icon\">\n\t\t\t\t\t\t\t<i aria-hidden=\"true\" class=\"fas fa-envelope\"><\/i>\t\t\t\t\t\t<\/span>\n\t\t\t\t\t\t\t\t\t\t<span class=\"elementor-icon-list-text\">info@menaseguros.es<\/span>\n\t\t\t\t\t\t\t\t\t\t\t<\/a>\n\t\t\t\t\t\t\t\t\t<\/li>\n\t\t\t\t\t\t\t\t<li class=\"elementor-icon-list-item\">\n\t\t\t\t\t\t\t\t\t\t\t<span class=\"elementor-icon-list-icon\">\n\t\t\t\t\t\t\t<i aria-hidden=\"true\" class=\"far fa-clock\"><\/i>\t\t\t\t\t\t<\/span>\n\t\t\t\t\t\t\t\t\t\t<span class=\"elementor-icon-list-text\">Horario: Lun-Mie-Vie: 9:00 a 14:00 <br> Mar-Jue: 9:00 a 14:00 \/ 17:00 a 19:00<\/span>\n\t\t\t\t\t\t\t\t\t<\/li>\n\t\t\t\t\t\t<\/ul>\n\t\t\t\t\t\t<\/div>\n\t\t\t\t<\/div>\n\t\t\t\t<div class=\"elementor-element elementor-element-619ced8 elementor-shape-circle elementor-grid-0 e-grid-align-center elementor-widget elementor-widget-social-icons\" data-id=\"619ced8\" data-element_type=\"widget\" data-e-type=\"widget\" data-widget_type=\"social-icons.default\">\n\t\t\t\t<div class=\"elementor-widget-container\">\n\t\t\t\t\t\t\t<div class=\"elementor-social-icons-wrapper elementor-grid\" role=\"list\">\n\t\t\t\t\t\t\t<span class=\"elementor-grid-item\" role=\"listitem\">\n\t\t\t\t\t<a class=\"elementor-icon elementor-social-icon elementor-social-icon-facebook elementor-repeater-item-9761c3c\" href=\"http:\/\/Calle%20C\u00f3rdoba,%209%20%20San%20Pedro%20Alc\u00e1ntara%20%2029670,%20M\u00e1laga\" target=\"_blank\">\n\t\t\t\t\t\t<span class=\"elementor-screen-only\">Facebook<\/span>\n\t\t\t\t\t\t<i aria-hidden=\"true\" class=\"fab fa-facebook\"><\/i>\t\t\t\t\t<\/a>\n\t\t\t\t<\/span>\n\t\t\t\t\t\t\t<span class=\"elementor-grid-item\" role=\"listitem\">\n\t\t\t\t\t<a class=\"elementor-icon elementor-social-icon elementor-social-icon-twitter elementor-repeater-item-ac9716b\" href=\"https:\/\/twitter.com\/MenaSeguros\" target=\"_blank\">\n\t\t\t\t\t\t<span class=\"elementor-screen-only\">Twitter<\/span>\n\t\t\t\t\t\t<i aria-hidden=\"true\" class=\"fab fa-twitter\"><\/i>\t\t\t\t\t<\/a>\n\t\t\t\t<\/span>\n\t\t\t\t\t<\/div>\n\t\t\t\t\t\t<\/div>\n\t\t\t\t<\/div>\n\t\t\t\t\t<\/div>\n\t\t<\/div>\n\t\t\t\t<div class=\"elementor-column elementor-col-50 elementor-top-column elementor-element elementor-element-2592360\" data-id=\"2592360\" data-element_type=\"column\" data-e-type=\"column\">\n\t\t\t<div class=\"elementor-widget-wrap elementor-element-populated\">\n\t\t\t\t\t\t<div class=\"elementor-element elementor-element-528f40f elementor-widget elementor-widget-heading\" data-id=\"528f40f\" data-element_type=\"widget\" data-e-type=\"widget\" data-widget_type=\"heading.default\">\n\t\t\t\t<div class=\"elementor-widget-container\">\n\t\t\t\t\t<h2 class=\"elementor-heading-title elementor-size-default\">Form<\/h2>\t\t\t\t<\/div>\n\t\t\t\t<\/div>\n\t\t\t\t<div class=\"elementor-element elementor-element-74c81c0 elementor-widget elementor-widget-text-editor\" data-id=\"74c81c0\" data-element_type=\"widget\" data-e-type=\"widget\" data-widget_type=\"text-editor.default\">\n\t\t\t\t<div class=\"elementor-widget-container\">\n\t\t\t\t\t\t\t\t\t<p>If you wish to contact us with any questions or queries please fill out the form below and we will respond as soon as possible.<\/p>\n\t\t\t\t\t\t\t\t<\/div>\n\t\t\t\t<\/div>\n\t\t\t\t<div class=\"elementor-element elementor-element-8c8aaaa elementor-button-align-stretch elementor-widget elementor-widget-form\" data-id=\"8c8aaaa\" data-element_type=\"widget\" data-e-type=\"widget\" data-settings=\"{&quot;step_next_label&quot;:&quot;Siguiente&quot;,&quot;step_previous_label&quot;:&quot;Anterior&quot;,&quot;button_width&quot;:&quot;100&quot;,&quot;step_type&quot;:&quot;number_text&quot;,&quot;step_icon_shape&quot;:&quot;circle&quot;}\" data-widget_type=\"form.default\">\n\t\t\t\t<div class=\"elementor-widget-container\">\n\t\t\t\t\t\t\t<form class=\"elementor-form\" method=\"post\" name=\"Nuevo formulario\" aria-label=\"Nuevo formulario\">\n\t\t\t<input type=\"hidden\" name=\"post_id\" value=\"418\"\/>\n\t\t\t<input type=\"hidden\" name=\"form_id\" value=\"8c8aaaa\"\/>\n\t\t\t<input type=\"hidden\" name=\"referer_title\" value=\"Mena Seguros\" \/>\n\n\t\t\t\n\t\t\t<div class=\"elementor-form-fields-wrapper elementor-labels-above\">\n\t\t\t\t\t\t\t\t<div class=\"elementor-field-type-text elementor-field-group elementor-column elementor-field-group-name elementor-col-100 elementor-field-required elementor-mark-required\">\n\t\t\t\t\t\t\t\t\t\t\t\t<label for=\"form-field-name\" class=\"elementor-field-label\">\n\t\t\t\t\t\t\t\tName\t\t\t\t\t\t\t<\/label>\n\t\t\t\t\t\t\t\t\t\t\t\t\t\t<input size=\"1\" type=\"text\" name=\"form_fields[name]\" id=\"form-field-name\" class=\"elementor-field elementor-size-sm  elementor-field-textual\" placeholder=\"Name\" required=\"required\">\n\t\t\t\t\t\t\t\t\t\t\t<\/div>\n\t\t\t\t\t\t\t\t<div class=\"elementor-field-type-email elementor-field-group elementor-column elementor-field-group-email elementor-col-100 elementor-field-required elementor-mark-required\">\n\t\t\t\t\t\t\t\t\t\t\t\t<label for=\"form-field-email\" class=\"elementor-field-label\">\n\t\t\t\t\t\t\t\tEmail\t\t\t\t\t\t\t<\/label>\n\t\t\t\t\t\t\t\t\t\t\t\t\t\t<input size=\"1\" type=\"email\" name=\"form_fields[email]\" id=\"form-field-email\" class=\"elementor-field elementor-size-sm  elementor-field-textual\" placeholder=\"Email\" required=\"required\">\n\t\t\t\t\t\t\t\t\t\t\t<\/div>\n\t\t\t\t\t\t\t\t<div class=\"elementor-field-type-textarea elementor-field-group elementor-column elementor-field-group-message elementor-col-100 elementor-field-required elementor-mark-required\">\n\t\t\t\t\t\t\t\t\t\t\t\t<label for=\"form-field-message\" class=\"elementor-field-label\">\n\t\t\t\t\t\t\t\tMessage\t\t\t\t\t\t\t<\/label>\n\t\t\t\t\t\t<textarea class=\"elementor-field-textual elementor-field  elementor-size-sm\" name=\"form_fields[message]\" id=\"form-field-message\" rows=\"4\" placeholder=\"Message\" required=\"required\"><\/textarea>\t\t\t\t<\/div>\n\t\t\t\t\t\t\t\t<div class=\"elementor-field-type-acceptance elementor-field-group elementor-column elementor-field-group-field_55de6d8 elementor-col-100\">\n\t\t\t\t\t\t\t<div class=\"elementor-field-subgroup\">\n\t\t\t<span class=\"elementor-field-option\">\n\t\t\t\t<input type=\"checkbox\" name=\"form_fields[field_55de6d8]\" id=\"form-field-field_55de6d8\" class=\"elementor-field elementor-size-sm  elementor-acceptance-field\">\n\t\t\t\t<label for=\"form-field-field_55de6d8\"> I have read and give my consent to the <a href=\"https:\/\/menaseguros.es\/politica-de-privacidad\/\" _blank=\"\">Portal's Privacy Policy<\/a>, <a href=\"https:\/\/menaseguros.es\/aviso-legal\/\" _blank=\"\">Legal Notice<\/a> and <a href=\"politica-de-cookies\/\" _blank=\"\">Cookies Policy<\/a> <\/label>\t\t\t<\/span>\n\t\t<\/div>\n\t\t\t\t\t\t<\/div>\n\t\t\t\t\t\t\t\t<div class=\"elementor-field-type-recaptcha_v3 elementor-field-group elementor-column elementor-field-group-field_e093062 elementor-col-100 recaptcha_v3-bottomright\">\n\t\t\t\t\t<div class=\"elementor-field\" id=\"form-field-field_e093062\"><div class=\"elementor-g-recaptcha\" data-sitekey=\"6LdhJkMpAAAAAJ7qsIY8JVsmYESHxcQj014co_bF\" data-type=\"v3\" data-action=\"Form\" data-badge=\"bottomright\" data-size=\"invisible\"><\/div><\/div>\t\t\t\t<\/div>\n\t\t\t\t\t\t\t\t<div class=\"elementor-field-group elementor-column elementor-field-type-submit elementor-col-100 e-form__buttons\">\n\t\t\t\t\t<button class=\"elementor-button elementor-size-sm\" type=\"submit\">\n\t\t\t\t\t\t<span class=\"elementor-button-content-wrapper\">\n\t\t\t\t\t\t\t\t\t\t\t\t\t\t\t<span class=\"elementor-button-icon\">\n\t\t\t\t\t\t\t\t\t<i aria-hidden=\"true\" class=\"far fa-paper-plane\"><\/i>\t\t\t\t\t\t\t\t\t\t\t\t\t\t\t\t\t<\/span>\n\t\t\t\t\t\t\t\t\t\t\t\t\t\t\t\t\t\t\t\t\t\t<span class=\"elementor-button-text\">Enviar<\/span>\n\t\t\t\t\t\t\t\t\t\t\t\t\t<\/span>\n\t\t\t\t\t<\/button>\n\t\t\t\t<\/div>\n\t\t\t<\/div>\n\t\t<\/form>\n\t\t\t\t\t\t<\/div>\n\t\t\t\t<\/div>\n\t\t\t\t<div class=\"elementor-element elementor-element-f355584 elementor-widget elementor-widget-text-editor\" data-id=\"f355584\" data-element_type=\"widget\" data-e-type=\"widget\" data-widget_type=\"text-editor.default\">\n\t\t\t\t<div class=\"elementor-widget-container\">\n\t\t\t\t\t\t\t\t\t<p><strong>Informaci\u00f3n b\u00e1sica sobre protecci\u00f3n de datos<\/strong><br \/><strong>Responsable<\/strong>: JUAN LUIS MENA ROMERO CORREDURIA DE SEGUROS SL <strong>Finalidad<\/strong>: Tratamos la informaci\u00f3n facilitada con la finalidad de: 1.-Gesti\u00f3n y facturaci\u00f3n de servicios de mediaci\u00f3n en la contrataci\u00f3n de seguros, asesoramiento independiente, profesional e imparcial para la contrataci\u00f3n de los mismos. 2.-Env\u00edo de informaci\u00f3n y ofertas relativas a productos y servicios relacionados con nuestra actividad. 3.-Gesti\u00f3n de consultas y solicitudes a trav\u00e9s de la p\u00e1gina web. Los datos personales se conservar\u00e1n el tiempo necesario para el cumplimiento de obligaciones legales. No realizamos decisiones automatizadas y\/o elaboramos perfiles. <strong>Legitimaci\u00f3n<\/strong>: La base jur\u00eddica del tratamiento de los datos es: 1.- Contrato de seguro. 2.-Consentimiento del interesado 3.- Consentimiento del interesado. Toda la informaci\u00f3n requerida es obligatoria debiendo facilitarnos datos veraces y actualizados ya que la omisi\u00f3n, falsedad e inexactitud de la misma podr\u00e1 conllevar la imposibilidad de ofrecerle y prestarle el servicio solicitado. <strong>Destinatarios: <\/strong>Los datos se comunicar\u00e1n a las compa\u00f1\u00edas de seguros y reaseguros necesarias para el desarrollo de nuestras funciones de mediaci\u00f3n, asesoramiento y asistencia en la contrataci\u00f3n y tramitaci\u00f3n de los seguros que nos solicite. <strong>Derechos: <\/strong>Acceder, rectificar y suprimir los datos, as\u00ed como otros derechos, como se explica en la informaci\u00f3n adicional. <strong> Informaci\u00f3n adicional:<\/strong> Puede consultar la informaci\u00f3n adicional y detallada sobre <a href=\"https:\/\/menaseguros.es\/politica-de-proteccion-de-datos\/\" target=\"_blank\" rel=\"noopener\">Protecci\u00f3n de Datos.<\/a><\/p>\n\t\t\t\t\t\t\t\t<\/div>\n\t\t\t\t<\/div>\n\t\t\t\t\t<\/div>\n\t\t<\/div>\n\t\t\t\t\t<\/div>\n\t\t<\/section>\n\t\t\t\t<section data-particle_enable=\"false\" data-particle-mobile-disabled=\"false\" class=\"elementor-section elementor-top-section elementor-element elementor-element-6440afc elementor-section-full_width elementor-section-height-default elementor-section-height-default\" data-id=\"6440afc\" data-element_type=\"section\" data-e-type=\"section\" data-settings=\"{&quot;background_background&quot;:&quot;classic&quot;}\">\n\t\t\t\t\t\t<div class=\"elementor-container elementor-column-gap-default\">\n\t\t\t\t\t<div class=\"elementor-column elementor-col-100 elementor-top-column elementor-element elementor-element-b300097\" data-id=\"b300097\" data-element_type=\"column\" data-e-type=\"column\">\n\t\t\t<div class=\"elementor-widget-wrap elementor-element-populated\">\n\t\t\t\t\t\t<div class=\"elementor-element elementor-element-90d3ce0 elementor-widget elementor-widget-google_maps\" data-id=\"90d3ce0\" data-element_type=\"widget\" data-e-type=\"widget\" data-widget_type=\"google_maps.default\">\n\t\t\t\t<div class=\"elementor-widget-container\">\n\t\t\t\t\t\t\t<div class=\"elementor-custom-embed\">\n\t\t\t<iframe loading=\"lazy\"\n\t\t\t\t\tsrc=\"https:\/\/maps.google.com\/maps?q=Calle%20C%C3%B3rdoba%2C%209%20%20San%20Pedro%20Alc%C3%A1ntara%20%2029670%2C%20M%C3%A1laga&#038;t=m&#038;z=14&#038;output=embed&#038;iwloc=near\"\n\t\t\t\t\ttitle=\"Calle C\u00f3rdoba, 9  San Pedro Alc\u00e1ntara  29670, M\u00e1laga\"\n\t\t\t\t\taria-label=\"Calle C\u00f3rdoba, 9  San Pedro Alc\u00e1ntara  29670, M\u00e1laga\"\n\t\t\t><\/iframe>\n\t\t<\/div>\n\t\t\t\t\t\t<\/div>\n\t\t\t\t<\/div>\n\t\t\t\t\t<\/div>\n\t\t<\/div>\n\t\t\t\t\t<\/div>\n\t\t<\/section>\n\t\t\t\t<\/div>\n\t\t","protected":false},"excerpt":{"rendered":"<p>Contact Contact information Contact information Calle C\u00f3rdoba, 9 San Pedro Alc\u00e1ntara 29670, M\u00e1laga +34 952 786 058 info@menaseguros.es Horario: Lun-Mie-Vie: 9:00 a 14:00 Mar-Jue: 9:00 a 14:00 \/ 17:00 a 19:00 Facebook Twitter Form If you wish to contact us with any questions or queries please fill out the form below and we will respond [&hellip;]<\/p>\n","protected":false},"author":2,"featured_media":0,"parent":0,"menu_order":0,"comment_status":"closed","ping_status":"closed","template":"elementor_header_footer","meta":{"_joinchat":[],"footnotes":""},"class_list":["post-418","page","type-page","status-publish","hentry"],"yoast_head":"<!-- This site is optimized with the Yoast SEO plugin v27.3 - https:\/\/yoast.com\/product\/yoast-seo-wordpress\/ -->\n<title>Contact - Mena Seguros<\/title>\n<meta name=\"robots\" content=\"index, follow, max-snippet:-1, max-image-preview:large, max-video-preview:-1\" \/>\n<link rel=\"canonical\" href=\"https:\/\/menaseguros.es\/en\/contact\/\" \/>\n<meta property=\"og:locale\" content=\"en_US\" \/>\n<meta property=\"og:type\" content=\"article\" \/>\n<meta property=\"og:title\" content=\"Contact - Mena Seguros\" \/>\n<meta property=\"og:description\" content=\"Contact Contact information Contact information Calle C\u00f3rdoba, 9 San Pedro Alc\u00e1ntara 29670, M\u00e1laga +34 952 786 058 info@menaseguros.es Horario: Lun-Mie-Vie: 9:00 a 14:00 Mar-Jue: 9:00 a 14:00 \/ 17:00 a 19:00 Facebook Twitter Form If you wish to contact us with any questions or queries please fill out the form below and we will respond [&hellip;]\" \/>\n<meta property=\"og:url\" content=\"https:\/\/menaseguros.es\/en\/contact\/\" \/>\n<meta property=\"og:site_name\" content=\"Mena Seguros\" \/>\n<meta property=\"article:modified_time\" content=\"2024-05-09T07:23:03+00:00\" \/>\n<meta name=\"twitter:card\" content=\"summary_large_image\" \/>\n<meta name=\"twitter:label1\" content=\"Est. reading time\" \/>\n\t<meta name=\"twitter:data1\" content=\"1 minute\" \/>\n<script type=\"application\/ld+json\" class=\"yoast-schema-graph\">{\"@context\":\"https:\\\/\\\/schema.org\",\"@graph\":[{\"@type\":\"WebPage\",\"@id\":\"https:\\\/\\\/menaseguros.es\\\/en\\\/contact\\\/\",\"url\":\"https:\\\/\\\/menaseguros.es\\\/en\\\/contact\\\/\",\"name\":\"Contact - Mena Seguros\",\"isPartOf\":{\"@id\":\"https:\\\/\\\/menaseguros.es\\\/en\\\/#website\"},\"datePublished\":\"2023-03-21T15:54:28+00:00\",\"dateModified\":\"2024-05-09T07:23:03+00:00\",\"breadcrumb\":{\"@id\":\"https:\\\/\\\/menaseguros.es\\\/en\\\/contact\\\/#breadcrumb\"},\"inLanguage\":\"en-US\",\"potentialAction\":[{\"@type\":\"ReadAction\",\"target\":[\"https:\\\/\\\/menaseguros.es\\\/en\\\/contact\\\/\"]}]},{\"@type\":\"BreadcrumbList\",\"@id\":\"https:\\\/\\\/menaseguros.es\\\/en\\\/contact\\\/#breadcrumb\",\"itemListElement\":[{\"@type\":\"ListItem\",\"position\":1,\"name\":\"Home\",\"item\":\"https:\\\/\\\/menaseguros.es\\\/en\\\/\"},{\"@type\":\"ListItem\",\"position\":2,\"name\":\"Contact\"}]},{\"@type\":\"WebSite\",\"@id\":\"https:\\\/\\\/menaseguros.es\\\/en\\\/#website\",\"url\":\"https:\\\/\\\/menaseguros.es\\\/en\\\/\",\"name\":\"Mena Seguros\",\"description\":\"Corredur\u00eda de seguros en San Pedro Alc\u00e1ntara\",\"publisher\":{\"@id\":\"https:\\\/\\\/menaseguros.es\\\/en\\\/#organization\"},\"potentialAction\":[{\"@type\":\"SearchAction\",\"target\":{\"@type\":\"EntryPoint\",\"urlTemplate\":\"https:\\\/\\\/menaseguros.es\\\/en\\\/?s={search_term_string}\"},\"query-input\":{\"@type\":\"PropertyValueSpecification\",\"valueRequired\":true,\"valueName\":\"search_term_string\"}}],\"inLanguage\":\"en-US\"},{\"@type\":\"Organization\",\"@id\":\"https:\\\/\\\/menaseguros.es\\\/en\\\/#organization\",\"name\":\"Mena Seguros\",\"url\":\"https:\\\/\\\/menaseguros.es\\\/en\\\/\",\"logo\":{\"@type\":\"ImageObject\",\"inLanguage\":\"en-US\",\"@id\":\"https:\\\/\\\/menaseguros.es\\\/en\\\/#\\\/schema\\\/logo\\\/image\\\/\",\"url\":\"https:\\\/\\\/menaseguros.es\\\/wp-content\\\/uploads\\\/sites\\\/8\\\/2023\\\/02\\\/logoPNG.png\",\"contentUrl\":\"https:\\\/\\\/menaseguros.es\\\/wp-content\\\/uploads\\\/sites\\\/8\\\/2023\\\/02\\\/logoPNG.png\",\"width\":1608,\"height\":560,\"caption\":\"Mena Seguros\"},\"image\":{\"@id\":\"https:\\\/\\\/menaseguros.es\\\/en\\\/#\\\/schema\\\/logo\\\/image\\\/\"}}]}<\/script>\n<!-- \/ Yoast SEO plugin. -->","yoast_head_json":{"title":"Contact - Mena Seguros","robots":{"index":"index","follow":"follow","max-snippet":"max-snippet:-1","max-image-preview":"max-image-preview:large","max-video-preview":"max-video-preview:-1"},"canonical":"https:\/\/menaseguros.es\/en\/contact\/","og_locale":"en_US","og_type":"article","og_title":"Contact - Mena Seguros","og_description":"Contact Contact information Contact information Calle C\u00f3rdoba, 9 San Pedro Alc\u00e1ntara 29670, M\u00e1laga +34 952 786 058 info@menaseguros.es Horario: Lun-Mie-Vie: 9:00 a 14:00 Mar-Jue: 9:00 a 14:00 \/ 17:00 a 19:00 Facebook Twitter Form If you wish to contact us with any questions or queries please fill out the form below and we will respond [&hellip;]","og_url":"https:\/\/menaseguros.es\/en\/contact\/","og_site_name":"Mena Seguros","article_modified_time":"2024-05-09T07:23:03+00:00","twitter_card":"summary_large_image","twitter_misc":{"Est. reading time":"1 minute"},"schema":{"@context":"https:\/\/schema.org","@graph":[{"@type":"WebPage","@id":"https:\/\/menaseguros.es\/en\/contact\/","url":"https:\/\/menaseguros.es\/en\/contact\/","name":"Contact - Mena Seguros","isPartOf":{"@id":"https:\/\/menaseguros.es\/en\/#website"},"datePublished":"2023-03-21T15:54:28+00:00","dateModified":"2024-05-09T07:23:03+00:00","breadcrumb":{"@id":"https:\/\/menaseguros.es\/en\/contact\/#breadcrumb"},"inLanguage":"en-US","potentialAction":[{"@type":"ReadAction","target":["https:\/\/menaseguros.es\/en\/contact\/"]}]},{"@type":"BreadcrumbList","@id":"https:\/\/menaseguros.es\/en\/contact\/#breadcrumb","itemListElement":[{"@type":"ListItem","position":1,"name":"Home","item":"https:\/\/menaseguros.es\/en\/"},{"@type":"ListItem","position":2,"name":"Contact"}]},{"@type":"WebSite","@id":"https:\/\/menaseguros.es\/en\/#website","url":"https:\/\/menaseguros.es\/en\/","name":"Mena Seguros","description":"Corredur\u00eda de seguros en San Pedro Alc\u00e1ntara","publisher":{"@id":"https:\/\/menaseguros.es\/en\/#organization"},"potentialAction":[{"@type":"SearchAction","target":{"@type":"EntryPoint","urlTemplate":"https:\/\/menaseguros.es\/en\/?s={search_term_string}"},"query-input":{"@type":"PropertyValueSpecification","valueRequired":true,"valueName":"search_term_string"}}],"inLanguage":"en-US"},{"@type":"Organization","@id":"https:\/\/menaseguros.es\/en\/#organization","name":"Mena Seguros","url":"https:\/\/menaseguros.es\/en\/","logo":{"@type":"ImageObject","inLanguage":"en-US","@id":"https:\/\/menaseguros.es\/en\/#\/schema\/logo\/image\/","url":"https:\/\/menaseguros.es\/wp-content\/uploads\/sites\/8\/2023\/02\/logoPNG.png","contentUrl":"https:\/\/menaseguros.es\/wp-content\/uploads\/sites\/8\/2023\/02\/logoPNG.png","width":1608,"height":560,"caption":"Mena Seguros"},"image":{"@id":"https:\/\/menaseguros.es\/en\/#\/schema\/logo\/image\/"}}]}},"_links":{"self":[{"href":"https:\/\/menaseguros.es\/en\/wp-json\/wp\/v2\/pages\/418","targetHints":{"allow":["GET"]}}],"collection":[{"href":"https:\/\/menaseguros.es\/en\/wp-json\/wp\/v2\/pages"}],"about":[{"href":"https:\/\/menaseguros.es\/en\/wp-json\/wp\/v2\/types\/page"}],"author":[{"embeddable":true,"href":"https:\/\/menaseguros.es\/en\/wp-json\/wp\/v2\/users\/2"}],"replies":[{"embeddable":true,"href":"https:\/\/menaseguros.es\/en\/wp-json\/wp\/v2\/comments?post=418"}],"version-history":[{"count":0,"href":"https:\/\/menaseguros.es\/en\/wp-json\/wp\/v2\/pages\/418\/revisions"}],"wp:attachment":[{"href":"https:\/\/menaseguros.es\/en\/wp-json\/wp\/v2\/media?parent=418"}],"curies":[{"name":"wp","href":"https:\/\/api.w.org\/{rel}","templated":true}]}}